{"id":58,"date":"2018-01-28T12:37:50","date_gmt":"2018-01-28T12:37:50","guid":{"rendered":"https:\/\/nadas-cakepopbakery.ch\/?page_id=58"},"modified":"2023-02-05T09:42:14","modified_gmt":"2023-02-05T09:42:14","slug":"about","status":"publish","type":"page","link":"https:\/\/nadas-cakepopbakery.ch\/?page_id=58","title":{"rendered":"\u00dcber uns"},"content":{"rendered":"<p style=\"text-align: center;\">Meine Mutter und ich lieben es zusammen kreative K\u00f6stlichkeiten herzustellen. Gerne zaubern wir auch f\u00fcr Ihren Anlass die richtige kleine und feine \u00dcberraschung!<\/p>\n<p style=\"text-align: center;\">Unsere Cakepops werden alle liebevoll von hand gefertigt. Hauptinhaltsstoffe sind Milch, Eier, Mehl, Butter, Quark, weisse Schokolade, Vanilleschote und Puderzucker, Backpulver. So entstehen sehr feuchte und mindestens 14 Tage lang haltbare s\u00fcsse Versuchungen. Am Besten schmecken die Cakepops direkt aus dem K\u00fchlschrank!<\/p>\n","protected":false},"excerpt":{"rendered":"<p>Meine Mutter und ich lieben es zusammen kreative K\u00f6stlichkeiten herzustellen. Gerne zaubern wir auch f\u00fcr Ihren Anlass die richtige kleine und feine \u00dcberraschung! Unsere Cakepops werden alle liebevoll von hand gefertigt. Hauptinhaltsstoffe sind Milch, Eier, Mehl, Butter, Quark, weisse Schokolade, Vanilleschote und Puderzucker, Backpulver. So entstehen sehr feuchte und mindestens 14 Tage lang haltbare s\u00fcsse [&hellip;]<\/p>\n","protected":false},"author":1,"featured_media":0,"parent":0,"menu_order":0,"comment_status":"closed","ping_status":"closed","template":"","meta":{"footnotes":""},"class_list":["post-58","page","type-page","status-publish","hentry"],"_links":{"self":[{"href":"https:\/\/nadas-cakepopbakery.ch\/index.php?rest_route=\/wp\/v2\/pages\/58","targetHints":{"allow":["GET"]}}],"collection":[{"href":"https:\/\/nadas-cakepopbakery.ch\/index.php?rest_route=\/wp\/v2\/pages"}],"about":[{"href":"https:\/\/nadas-cakepopbakery.ch\/index.php?rest_route=\/wp\/v2\/types\/page"}],"author":[{"embeddable":true,"href":"https:\/\/nadas-cakepopbakery.ch\/index.php?rest_route=\/wp\/v2\/users\/1"}],"replies":[{"embeddable":true,"href":"https:\/\/nadas-cakepopbakery.ch\/index.php?rest_route=%2Fwp%2Fv2%2Fcomments&post=58"}],"version-history":[{"count":8,"href":"https:\/\/nadas-cakepopbakery.ch\/index.php?rest_route=\/wp\/v2\/pages\/58\/revisions"}],"predecessor-version":[{"id":952,"href":"https:\/\/nadas-cakepopbakery.ch\/index.php?rest_route=\/wp\/v2\/pages\/58\/revisions\/952"}],"wp:attachment":[{"href":"https:\/\/nadas-cakepopbakery.ch\/index.php?rest_route=%2Fwp%2Fv2%2Fmedia&parent=58"}],"curies":[{"name":"wp","href":"https:\/\/api.w.org\/{rel}","templated":true}]}}